{"id":640,"date":"2019-06-16T22:49:16","date_gmt":"2019-06-16T15:49:16","guid":{"rendered":"https:\/\/phongthuy.mauwebwp.com\/phongthuy005\/?page_id=640"},"modified":"2019-06-16T23:56:20","modified_gmt":"2019-06-16T16:56:20","slug":"khoa-hoc-xem-ngay-gio","status":"publish","type":"page","link":"https:\/\/phongthuy.mauwebwp.com\/phongthuy005\/khoa-hoc\/khoa-hoc-xem-ngay-gio\/","title":{"rendered":"Kh\u00f3a h\u1ecdc xem ng\u00e0y gi\u1edd"},"content":{"rendered":"<div class=\"accordion\" rel=\"\">\n<div class=\"accordion-item\"><a href=\"#\" class=\"accordion-title plain\"><button class=\"toggle\"><i class=\"icon-angle-down\"><\/i><\/button><span>B\u00e0i 1: Ki\u1ebfn th\u1ee9c c\u01a1 b\u1ea3n<\/span><\/a><div class=\"accordion-inner\">\n<ul>\n<li>Quan h\u1ec7 ng\u0169 h\u00e0nh, ng\u0169 ph\u01b0\u01a1ng, ng\u0169 s\u1eafc, ng\u0169 t\u1ea1ng, ng\u0169 v\u1ecb.<\/li>\n<li>V\u1eadn h\u00e0nh c\u1ee7a ti\u1ebft kh\u00ed, m\u00f9a m\u00e0ng, th\u1eddi kh\u1eafc, th\u1eddi \u0111i\u1ec3m m\u01b0a, con n\u01b0\u1edbc.<\/li>\n<li>Hi\u1ec3u c\u00e1c m\u00fai gi\u1edd \u0110\u1ecba chi t\u1eeb D\u1ea7n \u0111\u1ebfn S\u1eedu<\/li>\n<li>N\u1eafm r\u00f5 Thi\u00ean can t\u1eeb Gi\u00e1p \u0111\u1ebfn Qu\u00fd<\/li>\n<li>S\u1eed d\u1ee5ng b\u00e0n tay tr\u00e1i \u0111\u1ec3 t\u00ednh to\u00e1n gi\u1edd ng\u00e0y th\u00e1ng n\u0103m<\/li>\n<li>Th\u1ef1c h\u00e0nh thu\u1ed9c ngay t\u1ea1i l\u1edbp.<\/li>\n<\/ul>\n<\/div><\/div>\n<div class=\"accordion-item\"><a href=\"#\" class=\"accordion-title plain\"><button class=\"toggle\"><i class=\"icon-angle-down\"><\/i><\/button><span>B\u00e0i 2: Ph\u00e9p l\u1ee5c th\u01b0 \u0110\u1ea1i l\u1ecbch - T\u00ednh ng\u00e0y gi\u1edd ho\u00e0ng \u0111\u1ea1o<\/span><\/a><div class=\"accordion-inner\">\n<ul>\n<li>T\u00ecm ng\u00e0y H\u1eafc \u0111\u1ea1o<\/li>\n<li>C\u00f4ng th\u1ee9c t\u00ednh ng\u00e0y H\u1eafc \u0111\u1ea1o: nguy\u1ec7t k\u1ef5, tam n\u01b0\u01a1ng, s\u00e1t ch\u1ee7, th\u1ee5 t\u1eed, ly s\u00e0o, kh\u00f4ng ph\u00f2ng<\/li>\n<li>Th\u1ef1c h\u00e0nh ch\u1ecdn ng\u00e0y H\u1eafc \u0111\u1ea1o tr\u00ean l\u1ecbch tay (02 quy\u1ec3n\/ h\u1ecdc vi\u00ean).<\/li>\n<li>\u00dd ngh\u0129a ng\u00e0y H\u1eafc \u0111\u1ea1o<\/li>\n<\/ul>\n<\/div><\/div>\n<div class=\"accordion-item\"><a href=\"#\" class=\"accordion-title plain\"><button class=\"toggle\"><i class=\"icon-angle-down\"><\/i><\/button><span>B\u00e0i 3: Ph\u00e9p l\u1ee5c th\u01b0 \u0110\u1ea1i l\u1ecbch - T\u00ednh ng\u00e0y gi\u1edd ho\u00e0ng \u0111\u1ea1o<\/span><\/a><div class=\"accordion-inner\">\n<ul>\n<li>Ng\u00e0y v\u00e0 gi\u1edd Ho\u00e0ng \u0111\u1ea1o<\/li>\n<li>C\u00f4ng th\u1ee9c ch\u1ecdn ng\u00e0y Ho\u00e0ng \u0111\u1ea1o: Lo\u1ea1i tr\u1eeb ng\u00e0y H\u1eafc \u0111\u1ea1o<\/li>\n<li>C\u00f4ng th\u1ee9c ch\u1ecdn gi\u1edd Ho\u00e0ng \u0111\u1ea1o:<\/li>\n<\/ul>\n<\/div><\/div>\n<div class=\"accordion-item\"><a href=\"#\" class=\"accordion-title plain\"><button class=\"toggle\"><i class=\"icon-angle-down\"><\/i><\/button><span>B\u00e0i 4: Ph\u00e9p l\u1ee5c th\u01b0 \u0110\u1ea1i l\u1ecbch<\/span><\/a><div class=\"accordion-inner\">\n<ul>\n<li>L\u1eadp l\u1ecbch s\u1eed d\u1ee5ng h\u00e0ng ng\u00e0y<\/li>\n<li>S\u1eed d\u1ee5ng ki\u1ebfn th\u1ee9c c\u1ee7a b\u00e0i 2 v\u00e0 b\u00e0i 3 th\u1ef1c h\u00e0nh l\u1eadp l\u1ecbch 2018 v\u00e0 2019 \u0111\u1ec3 s\u1eed d\u1ee5ng h\u00e0ng ng\u00e0y\u00a0 \u00e1p d\u1ee5ng cho c\u00e1c c\u00f4ng vi\u1ec7c.<\/li>\n<\/ul>\n<\/div><\/div>\n<div class=\"accordion-item\"><a href=\"#\" class=\"accordion-title plain\"><button class=\"toggle\"><i class=\"icon-angle-down\"><\/i><\/button><span>B\u00e0i 5: Ph\u00e9p l\u1ee5c nh\u00e2m \u0110\u1ea1i \u0110\u1ed9n - T\u00ednh gi\u1edd c\u00e1t hung xu\u1ea5t h\u00e0nh<\/span><\/a><div class=\"accordion-inner\">\n<ul>\n<li>C\u00f4ng th\u1ee9c t\u00ednh gi\u1edd xu\u1ea5t h\u00e0nh:\u00a0<strong>\u0111\u1ea1i an<\/strong>, x\u00edch kh\u1ea9u,\u00a0<strong>t\u1ed1c h\u1ef7<\/strong>, l\u01b0u ni\u00ean,\u00a0<strong>ti\u1ec3u c\u00e1t<\/strong>, kh\u00f4ng vong.<\/li>\n<li>Ch\u00fa gi\u1ea3i \u00fd ngh\u0129a c\u00e1c gi\u1edd<\/li>\n<li>Th\u1ef1c h\u00e0nh thu\u1ed9c t\u1ea1i l\u1edbp.<\/li>\n<li>Cho b\u00e0i test th\u1ef1c h\u00e0nh 3 test\/ h\u1ecdc vi\u00ean. (ph\u1ee5 l\u1ee5c 2)<\/li>\n<li>\u00d4n k\u1ef9 c\u00e1c ki\u1ebfn th\u1ee9c bu\u1ed5i 2, th\u1ef1c h\u00e0nh t\u1ed1t.<\/li>\n<\/ul>\n<\/div><\/div>\n<div class=\"accordion-item\"><a href=\"#\" class=\"accordion-title plain\"><button class=\"toggle\"><i class=\"icon-angle-down\"><\/i><\/button><span>B\u00e0i 6: Ph\u00e9p c\u1ee9u tinh - T\u00ecm n\u0103m h\u1ea1n<\/span><\/a><div class=\"accordion-inner\">\n<ul>\n<li><strong>L\u00fd thuy\u1ebft:\u00a0<\/strong>Kh\u00e1i ni\u1ec7m v\u1ec1 c\u00e1c sao C\u1eedu di\u1ec7u: La h\u1ea7u, K\u1ebf \u0111\u00f4, th\u00e1i b\u1ea1ch (kim), Th\u1ed5 t\u00fa (th\u1ed5), Th\u1ee7y di\u1ec7u (th\u1ee7y), M\u1ed9c \u0111\u1ee9c (M\u1ed9c), V\u00e2n H\u00e1n (H\u1ecfa), Th\u00e1i d\u01b0\u01a1ng (M\u1eb7t tr\u1eddi), Th\u00e1i \u00e2m (m\u1eb7t tr\u0103ng).<\/li>\n<li>Ph\u00e1t b\u1ea3ng l\u1ecbch h\u1ea1n ni\u00ean theo tu\u1ed5i (2 b\u1ea3n\/ HV).<\/li>\n<li>H\u01b0\u1edbng d\u1eabn tra c\u1ee9u.<\/li>\n<li>Gi\u1edbi thi\u1ec7u v\u1ec1 c\u00e1c l\u1ec5 gi\u1ea3i sao t\u1ea1i t\u01b0 gia v\u00e0 t\u1ea1i ch\u00f9a.<\/li>\n<\/ul>\n<\/div><\/div>\n<div class=\"accordion-item\"><a href=\"#\" class=\"accordion-title plain\"><button class=\"toggle\"><i class=\"icon-angle-down\"><\/i><\/button><span>B\u00c0I 7 V\u00c0 B\u00c0I 8: Th\u1ef1c h\u00e0nh t\u1ea1i D\u01b0\u1ee3c S\u01b0 B\u1ea3o vi\u00ean:<\/span><\/a><div class=\"accordion-inner\">\n<ul>\n<li>Nghi th\u1ee9c gi\u1ea3i sao H\u1ea1n v\u00e0 \u0111\u00f3n sao Ph\u00fac, t\u00e0i L\u1ed9c<\/li>\n<li>C\u00e1ch th\u1ee9c b\u00e0y l\u1ec5 v\u00e0 v\u0103n kh\u1ea5n.<\/li>\n<li>L\u1eadp \u0111\u00e0n th\u1ef1c t\u1ebf v\u00e0 th\u1ef1c t\u1eadp tr\u00ean \u0111\u00e0n C\u1eedu tinh.<\/li>\n<\/ul>\n<\/div><\/div>\n<\/div>\n","protected":false},"excerpt":{"rendered":"","protected":false},"author":2,"featured_media":0,"parent":650,"menu_order":0,"comment_status":"closed","ping_status":"closed","template":"page-khoa-hoc.php","meta":[],"_links":{"self":[{"href":"https:\/\/phongthuy.mauwebwp.com\/phongthuy005\/wp-json\/wp\/v2\/pages\/640"}],"collection":[{"href":"https:\/\/phongthuy.mauwebwp.com\/phongthuy005\/wp-json\/wp\/v2\/pages"}],"about":[{"href":"https:\/\/phongthuy.mauwebwp.com\/phongthuy005\/wp-json\/wp\/v2\/types\/page"}],"author":[{"embeddable":true,"href":"https:\/\/phongthuy.mauwebwp.com\/phongthuy005\/wp-json\/wp\/v2\/users\/2"}],"replies":[{"embeddable":true,"href":"https:\/\/phongthuy.mauwebwp.com\/phongthuy005\/wp-json\/wp\/v2\/comments?post=640"}],"version-history":[{"count":0,"href":"https:\/\/phongthuy.mauwebwp.com\/phongthuy005\/wp-json\/wp\/v2\/pages\/640\/revisions"}],"up":[{"embeddable":true,"href":"https:\/\/phongthuy.mauwebwp.com\/phongthuy005\/wp-json\/wp\/v2\/pages\/650"}],"wp:attachment":[{"href":"https:\/\/phongthuy.mauwebwp.com\/phongthuy005\/wp-json\/wp\/v2\/media?parent=640"}],"curies":[{"name":"wp","href":"https:\/\/api.w.org\/{rel}","templated":true}]}}