{"id":780,"date":"2019-06-16T23:59:38","date_gmt":"2019-06-16T16:59:38","guid":{"rendered":"https:\/\/phongthuy.mauwebwp.com\/phongthuy005\/?page_id=780"},"modified":"2019-06-17T00:03:53","modified_gmt":"2019-06-16T17:03:53","slug":"khoa-hoc-xem-phong-thuy","status":"publish","type":"page","link":"https:\/\/phongthuy.mauwebwp.com\/phongthuy005\/khoa-hoc\/khoa-hoc-xem-phong-thuy\/","title":{"rendered":"Kh\u00f3a h\u1ecdc xem phong th\u1ee7y"},"content":{"rendered":"<div class=\"accordion\" rel=\"\">\n<div class=\"accordion-item\"><a href=\"#\" class=\"accordion-title plain\"><button class=\"toggle\"><i class=\"icon-angle-down\"><\/i><\/button><span>B\u00e0i 1: Ki\u1ebfn th\u1ee9c c\u01a1 b\u1ea3n<\/span><\/a><div class=\"accordion-inner\">\n<ul>\n<li>Kh\u00e1i ni\u1ec7m v\u1ec1 \u0111\u1ecba l\u00fd, phong th\u1ee7y.<\/li>\n<li>T\u1ea7m quan tr\u1ecdng c\u1ee7a Phong th\u1ee7y v\u1edbi con ng\u01b0\u1eddi.<\/li>\n<li>Ngu\u1ed3n t\u00e0i li\u1ec7u v\u00e0 ngu\u1ed3n nh\u00e2n l\u1ef1c ho\u1ea1t \u0111\u1ed9ng nghi\u1ec7p v\u1ee5.<\/li>\n<li>Kh\u1ea3o s\u00e1t \u0111\u1ecba l\u00fd Vi\u1ec7t Nam v\u00e0 Trung Qu\u1ed1c.<\/li>\n<li>M\u1ed9t s\u1ed1 quan \u0111i\u1ec3m kh\u00e1c nhau trong phong th\u1ee7y.<\/li>\n<\/ul>\n<\/div><\/div>\n<div class=\"accordion-item\"><a href=\"#\" class=\"accordion-title plain\"><button class=\"toggle\"><i class=\"icon-angle-down\"><\/i><\/button><span>B\u00e0i 2: C\u00e1c quy lu\u1eadt c\u1ee7a phong th\u1ee7y<\/span><\/a><div class=\"accordion-inner\">\n<ul>\n<li>H\u01b0\u1edbng theo ph\u01b0\u01a1ng v\u1ecb (\u0111\u00f4ng, t\u00e2y, nam, b\u1eafc)<\/li>\n<li>H\u01b0\u1edbng theo \u0111\u1ecba h\u00ecnh (chi\u1ec1u con n\u01b0\u1edbc, h\u01b0\u1edbng gi\u00f3, n\u1eafng, h\u01b0\u1edbng \u0111\u01b0\u1eddng \u0111i, c\u1ed5ng, c\u1eeda)<\/li>\n<li>C\u00e1c quan h\u1ec7 tr\u01b0\u1edbc, sau, ph\u1ea3i tr\u00e1i.<\/li>\n<li>C\u00e1c quan h\u1ec7 v\u1edbi m\u00f4i tr\u01b0\u1eddng c\u00e2y, s\u00f4ng, n\u00fai, \u0111\u01b0\u1eddng ng\u00f5, c\u1ed9t \u0111i\u1ec7n, nh\u00e0 cao t\u1ea7ng&#8230;<\/li>\n<li>Cung \u0111\u1ed1 ph\u00f9 h\u1ee3p v\u1edbi ch\u1ee7 doanh nghi\u1ec7p<\/li>\n<li>M\u1ea7u s\u1eafc theo m\u1ec7nh<\/li>\n<li>C\u00e2n b\u1eb1ng ng\u0169 h\u00e0nh<\/li>\n<li>Quan h\u1ec7 sau tr\u01b0\u1edbc, ph\u1ea3i tr\u00e1i<\/li>\n<li>\u0110\u1ed1i t\u01b0\u1ee3ng c\u1ee7a phong th\u1ee7y: Ban th\u1edd, b\u00e0n l\u00e0m vi\u1ec7c, b\u00e0n k\u1ebf to\u00e1n tr\u01b0\u1edfng, k\u00e9t s\u1eaft, nh\u00e0 x\u01b0\u1edfng, kho ch\u1ee9a (c\u1ee9u h\u1ecfa, m\u1ed1c, m\u1ed1i m\u1ecdt)<\/li>\n<li>C\u00e1ch ph\u00e2n khu v\u1ef1c \u0111\u1ed9ng, t\u0129nh, l\u1ed1i tho\u00e1t hi\u1ec3m (c\u1ee9u h\u1ecfa, ch\u1ed1ng tr\u1ed9m)<\/li>\n<li>Nh\u1eefng v\u1eadt ph\u1ea9m h\u1ed7 tr\u1ee3 n\u0103ng l\u01b0\u1ee3ng hay h\u00f3a gi\u1ea3i khi\u1ebfm khuy\u1ebft c\u1ee7a \u0111\u1ecba th\u1ebf.<\/li>\n<li>X\u00e1c \u0111\u1ecbnh v\u1ecb tr\u00ed doanh nghi\u1ec7p tr\u00ean \u0111\u1ecba b\u00e0n c\u01b0 tr\u00fa (tr\u1ea1m x\u0103ng, c\u1ea5p c\u1ee9u, \u0111\u1ed3n c\u00f4ng an, ch\u1ee3, ga ra, n\u01a1i \u0111\u1ed7 xe v\u00e0 c\u00e1c c\u01a1 quan h\u1ed7 tr\u1ee3 ng\u00e0nh \u0111\u1eb7c th\u00f9)<\/li>\n<\/ul>\n<\/div><\/div>\n<div class=\"accordion-item\"><a href=\"#\" class=\"accordion-title plain\"><button class=\"toggle\"><i class=\"icon-angle-down\"><\/i><\/button><span>B\u00e0i 3: Nh\u1eefng \u0111i\u1ec1u n\u00ean l\u00e0m cho phong th\u1ee7y<\/span><\/a><div class=\"accordion-inner\">\n<ul>\n<li>Phong th\u1ee7y c\u1ee7a ng\u01b0\u1eddi Vi\u1ec7t v\u00e0 t\u1eadp qu\u00e1n s\u1ed1ng g\u1ea7n v\u1edbi t\u1ef1 nhi\u00ean, d\u1ef1a v\u00e0o \u0111\u1ecba h\u00ecnh (s\u00f4ng, n\u00fai, r\u1eebng, bi\u1ec3n, c\u00e2y&#8230;).<\/li>\n<li>T\u1eadp qu\u00e1n nh\u00e0, s\u00e2n, v\u01b0\u1eddn, \u0111\u01b0\u1eddng, v\u01b0\u1eddn sau (Ph\u00e2n t\u00edch m\u1ed9t m\u00f4 h\u00ecnh nh\u00e0 truy\u1ec1n th\u1ed1ng.<\/li>\n<li>T\u1eadp qu\u00e1n tr\u1ed3ng c\u00e2y trong kh\u00f4ng gian sinh ho\u1ea1t (T\u1ebft tr\u1ed3ng c\u00e2y), chu\u1ed1i sau cau tr\u01b0\u1edbc, ng\u00e2u nh\u00e0i tr\u01b0\u1edbc s\u00e2n.<\/li>\n<li>T\u1eadp qu\u00e1n s\u1eed d\u1ee5ng c\u00e2y v\u00e0 \u0111\u1ed9ng v\u1eadt \u0111\u1ec3 kh\u1eafc ch\u1ebf b\u1ea5t l\u1ee3i: ch\u1ed1ng r\u1eafn, mu\u1ed7i, r\u1ebft&#8230;<\/li>\n<li>Nh\u1eefng k\u1ebf th\u1eeba truy\u1ec1n th\u1ed1ng trong hi\u1ec7n \u0111\u1ea1i:<\/li>\n<li>S\u1eed d\u1ee5ng c\u00e2y, b\u1ec3 c\u00e1, b\u00e0i tr\u00ed trong kh\u00f4ng gian s\u1ed1ng.<\/li>\n<\/ul>\n<\/div><\/div>\n<div class=\"accordion-item\"><a href=\"#\" class=\"accordion-title plain\"><button class=\"toggle\"><i class=\"icon-angle-down\"><\/i><\/button><span>B\u00e0i 4: Nh\u1eefng \u0111i\u1ec1u khi\u1ebfm khuy\u1ebfn trong phong th\u1ee7y<\/span><\/a><div class=\"accordion-inner\">\n<ul>\n<li>\u0110\u1ed1i c\u1eeda, xuy\u00ean t\u00e2m, xuy\u00ean c\u1eeda, l\u00f9i c\u1eeda, h\u1ea1 c\u1eeda, h\u1ea1 n\u1ec1n, t\u1eafc l\u1ed1i, t\u1eadn c\u00f9ng, thi\u1ebfu n\u1eafng, gi\u00f3, c\u00e2y.<\/li>\n<li>M\u1ea5t c\u00e2n b\u1eb1ng ng\u0169 h\u00e0nh, m\u1ea5t \u0111\u1ecbnh v\u1ecb, h\u1ed7n lo\u1ea1n t\u0129nh \u0111\u1ed9ng.<\/li>\n<\/ul>\n<\/div><\/div>\n<div class=\"accordion-item\"><a href=\"#\" class=\"accordion-title plain\"><button class=\"toggle\"><i class=\"icon-angle-down\"><\/i><\/button><span>B\u00e0i 5: Gi\u1ea3i quy\u1ebft nh\u1eefng khi\u1ebfm khuy\u1ebft trong phong th\u1ee7y<\/span><\/a><div class=\"accordion-inner\">\n<ul>\n<li>X\u1eed l\u00fd khi nh\u00e0 kh\u00f4ng \u0111\u01b0\u1ee3c h\u01b0\u1edbng<\/li>\n<li>X\u1eed l\u00fd nh\u00e0 th\u00f3t h\u1eadu<\/li>\n<li>X\u1eed l\u00fd C\u1eeda \u0111\u1ed1i c\u1eeda<\/li>\n<li>X\u1eed l\u00fd \u0110\u01b0\u1eddng ch\u1ecdc th\u1eb3ng c\u1eeda<\/li>\n<li>V\u00e0 nhi\u1ec1u tr\u01b0\u1eddng h\u1ee3p kh\u00e1c<\/li>\n<\/ul>\n<\/div><\/div>\n<div class=\"accordion-item\"><a href=\"#\" class=\"accordion-title plain\"><button class=\"toggle\"><i class=\"icon-angle-down\"><\/i><\/button><span>B\u00e0i 6: V\u1eadt ph\u1ea9m v\u00e0 \u0111\u1ed3 th\u1eeba t\u1ef1 trong phong th\u1ee7y<\/span><\/a><div class=\"accordion-inner\">\n<ul>\n<li>G\u01b0\u01a1ng b\u00e1t qu\u00e1i. Th\u00e1p v\u0103n x\u01b0\u01a1ng, C\u1ea7u Th\u1ea1ch anh, \u0111\u00e8n, b\u00f9a ch\u00fa, tr\u1ea5n th\u1ea1ch, H\u1ed7 ph\u00f9&#8230;<\/li>\n<li>C\u00e1c v\u1eadt ph\u1ea9m kh\u00e1c<\/li>\n<li>C\u00e1c x\u00e1c \u0111\u1ecbnh kh\u00ed k\u00e9m theo c\u1ea3m x\u1ea1 h\u1ecdc<\/li>\n<li>C\u00e1ch b\u00e0y ban th\u1edd v\u00e0 c\u00e1ch th\u1edd t\u1ef1<\/li>\n<\/ul>\n<\/div><\/div>\n<div class=\"accordion-item\"><a href=\"#\" class=\"accordion-title plain\"><button class=\"toggle\"><i class=\"icon-angle-down\"><\/i><\/button><span>B\u00e0i 7-8: Th\u1ef1c h\u00e0nh<\/span><\/a><div class=\"accordion-inner\">\n<ul>\n<li>\u0110i d\u00e3 ngo\u1ea1i , tham quan m\u1ed9t s\u1ed1 phong th\u1ee7y (ch\u00f9a, \u0111\u1ec1n, doanh nghi\u1ec7p)<\/li>\n<\/ul>\n<\/div><\/div>\n<\/div>\n","protected":false},"excerpt":{"rendered":"","protected":false},"author":2,"featured_media":0,"parent":650,"menu_order":0,"comment_status":"closed","ping_status":"closed","template":"page-khoa-hoc.php","meta":[],"_links":{"self":[{"href":"https:\/\/phongthuy.mauwebwp.com\/phongthuy005\/wp-json\/wp\/v2\/pages\/780"}],"collection":[{"href":"https:\/\/phongthuy.mauwebwp.com\/phongthuy005\/wp-json\/wp\/v2\/pages"}],"about":[{"href":"https:\/\/phongthuy.mauwebwp.com\/phongthuy005\/wp-json\/wp\/v2\/types\/page"}],"author":[{"embeddable":true,"href":"https:\/\/phongthuy.mauwebwp.com\/phongthuy005\/wp-json\/wp\/v2\/users\/2"}],"replies":[{"embeddable":true,"href":"https:\/\/phongthuy.mauwebwp.com\/phongthuy005\/wp-json\/wp\/v2\/comments?post=780"}],"version-history":[{"count":0,"href":"https:\/\/phongthuy.mauwebwp.com\/phongthuy005\/wp-json\/wp\/v2\/pages\/780\/revisions"}],"up":[{"embeddable":true,"href":"https:\/\/phongthuy.mauwebwp.com\/phongthuy005\/wp-json\/wp\/v2\/pages\/650"}],"wp:attachment":[{"href":"https:\/\/phongthuy.mauwebwp.com\/phongthuy005\/wp-json\/wp\/v2\/media?parent=780"}],"curies":[{"name":"wp","href":"https:\/\/api.w.org\/{rel}","templated":true}]}}