{"id":795,"date":"2019-06-17T00:06:28","date_gmt":"2019-06-16T17:06:28","guid":{"rendered":"https:\/\/phongthuy.mauwebwp.com\/phongthuy005\/?page_id=795"},"modified":"2019-06-17T00:11:40","modified_gmt":"2019-06-16T17:11:40","slug":"khoa-hoc-xem-tuong-phap","status":"publish","type":"page","link":"https:\/\/phongthuy.mauwebwp.com\/phongthuy005\/khoa-hoc\/khoa-hoc-xem-tuong-phap\/","title":{"rendered":"Kh\u00f3a h\u1ecdc xem t\u01b0\u1edbng ph\u00e1p"},"content":{"rendered":"<div class=\"accordion\" rel=\"\">\n<div class=\"accordion-item\"><a href=\"#\" class=\"accordion-title plain\"><button class=\"toggle\"><i class=\"icon-angle-down\"><\/i><\/button><span>B\u00e0i 1: Ki\u1ebfn th\u1ee9c c\u01a1 b\u1ea3n v\u1ec1 t\u01b0\u1edbng m\u1ea1o con ng\u01b0\u1eddi<\/span><\/a><div class=\"accordion-inner\">\n<ul>\n<li>Ch\u00ednh t\u01b0\u1edbng<\/li>\n<li>Ph\u1ea3n t\u01b0\u1edbng<\/li>\n<li>Th\u1ea5t c\u00e1ch t\u01b0\u1edbng<\/li>\n<li>D\u1ecb t\u01b0\u1edbng<\/li>\n<\/ul>\n<\/div><\/div>\n<div class=\"accordion-item\"><a href=\"#\" class=\"accordion-title plain\"><button class=\"toggle\"><i class=\"icon-angle-down\"><\/i><\/button><span>B\u00e0i 2: M\u1ed1i quan h\u1ec7 c\u1ee7a t\u01b0\u1edbng ph\u00e1p<\/span><\/a><div class=\"accordion-inner\">\n<ul>\n<li>M\u1ed1i quan h\u1ec7 ng\u0169 quan ( tai, m\u1eaft, m\u0169i, m\u00e0y, c\u00e1c g\u00f2 nh\u01b0 g\u00f2 m\u00e1, tr\u00e1n, c\u1eb1m, ph\u00e1p l\u1ec7nh).<\/li>\n<li>C\u00e1c d\u1ea1ng ng\u0169 quan c\u1ea7n l\u01b0u \u00fd.<\/li>\n<li>C\u00e1c d\u1ea1ng h\u1ec7 mao c\u1ea7n l\u01b0u \u00fd (l\u00f4ng, t\u00f3c, r\u00e2u&#8230;)<\/li>\n<li>M\u1ed1i quan h\u1ec7 c\u00e1c b\u1ed9 ph\u1eadn c\u01a1 th\u1ec3: \u0111\u1ea7u m\u00ecnh ch\u00e2n tay<\/li>\n<li>T\u1ef7 l\u1ec7 v\u00e0ng.<\/li>\n<\/ul>\n<\/div><\/div>\n<div class=\"accordion-item\"><a href=\"#\" class=\"accordion-title plain\"><button class=\"toggle\"><i class=\"icon-angle-down\"><\/i><\/button><span>B\u00e0i 3: Nh\u1eefng k\u00eanh x\u00e9t \u0111o\u00e1n t\u01b0\u1edbng m\u1ea1o<\/span><\/a><div class=\"accordion-inner\">\n<ul>\n<li>X\u00e9t \u0111o\u00e1n t\u00ednh c\u00e1ch, s\u1ee9c kh\u1ecfe: Gi\u1ecdng n\u00f3i chia theo ng\u0169 h\u00e0nh v\u00e0 t\u00ednh c\u00e1ch, h\u01a1i th\u1edf, s\u1ee9c nh\u00ecn c\u1ee7a m\u1eaft, s\u1eafc da, n\u1ebfp nh\u0103n tr\u00e1n, m\u00e0u m\u00f4i, m\u00f3ng ch\u00e2n, m\u00f3ng tay, t\u00f3c&#8230;<\/li>\n<li>X\u00e9t \u0111o\u00e1n s\u1edf th\u00edch: Gu th\u1eddi trang, h\u1ed9i h\u1ecda, \u00e2m nh\u1ea1c, n\u1ed9i th\u1ea5t, xe c\u1ed9, \u0111\u1ed3 d\u00f9ng c\u00e1 nh\u00e2n&#8230;<\/li>\n<li>X\u00e9t \u0111o\u00e1n v\u0103n h\u00f3a: \u0103n u\u1ed1ng, v\u1ec7 sinh, th\u00f3i quen..<\/li>\n<li>X\u00e9t \u0111o\u00e1n t\u01b0 duy: c\u00e1ch n\u00f3i tr\u1ef1c ti\u1ebfp v\u00e0 gi\u00e1n ti\u1ebfp.<\/li>\n<li>X\u00e9t \u0111o\u00e1n \u00fd mu\u1ed1n: c\u00e1c c\u1eed ch\u1ec9 trong giao ti\u1ebfp, d\u00e1ng ng\u1ed3i, bi\u1ec3u th\u1ecb tr\u00ean m\u1eb7t&#8230;<\/li>\n<\/ul>\n<\/div><\/div>\n<div class=\"accordion-item\"><a href=\"#\" class=\"accordion-title plain\"><button class=\"toggle\"><i class=\"icon-angle-down\"><\/i><\/button><span>B\u00e0i 4: T\u01b0\u1edbng \u0111\u00e0n \u00f4ng<\/span><\/a><div class=\"accordion-inner\">\n<ul>\n<li>B\u1ed9 Ng\u0169 ng\u0169 (tay, ch\u00e2n, m\u00ecnh, \u0111\u1ea7u, ng\u0169 quan).<\/li>\n<li>Ng\u0169 \u0111\u1ea1i, ng\u0169 ti\u1ec3u, ng\u0169 \u0111o\u1ea3n, ng\u0169 tr\u01b0\u1eddng, ng\u0169 l\u1ed9.<\/li>\n<li>C\u00e1c v\u00ed d\u1ee5<\/li>\n<\/ul>\n<\/div><\/div>\n<div class=\"accordion-item\"><a href=\"#\" class=\"accordion-title plain\"><button class=\"toggle\"><i class=\"icon-angle-down\"><\/i><\/button><span>B\u00e0i 5: T\u01b0\u1edbng \u0111\u00e0n b\u00e0<\/span><\/a><div class=\"accordion-inner\">\n<ul>\n<li>C\u00e1c t\u01b0\u1edbng M\u1eabu nghi thi\u00ean h\u1ea1, Qu\u00fd nh\u00e2n, v\u01b0\u1ee3ng phu \u00edch t\u1eed, s\u00e1t phu h\u1ea1i t\u1eed, d\u00e2m b\u00f4n, ph\u1ea3n ph\u00fac, v\u00f4 lo\u00e0i.<\/li>\n<li>C\u00e1c v\u00ed d\u1ee5<\/li>\n<\/ul>\n<\/div><\/div>\n<div class=\"accordion-item\"><a href=\"#\" class=\"accordion-title plain\"><button class=\"toggle\"><i class=\"icon-angle-down\"><\/i><\/button><span>B\u00e0i 6: Thu\u1eadt d\u00f9ng ng\u01b0\u1eddi v\u00e0 \u1ee9ng x\u1eed<\/span><\/a><div class=\"accordion-inner\">\n<ul>\n<li>Quan \u0111i\u1ec3m 1: Kh\u00f4ng c\u00f3 ng\u01b0\u1eddi x\u1ea5u v\u00e0 ng\u01b0\u1eddi t\u1ed1t<\/li>\n<li>Quan \u0111i\u1ec3m 2: Ng\u01b0\u1eddi t\u1ed1t hay x\u1ea5u l\u00e0 do c\u00e1ch d\u00f9ng ng\u01b0\u1eddi.<\/li>\n<li>D\u00f9ng ng\u01b0\u1eddi theo ph\u01b0\u01a1ng ph\u00e1p ch\u00ednh s\u1ea5n<\/li>\n<li>D\u1eebng ng\u01b0\u1eddi theo c\u00e1ch ph\u1ea3n s\u1ea5n.<\/li>\n<\/ul>\n<\/div><\/div>\n<div class=\"accordion-item\"><a href=\"#\" class=\"accordion-title plain\"><button class=\"toggle\"><i class=\"icon-angle-down\"><\/i><\/button><span>B\u00e0i 7: Thu\u1eadt kh\u1eafc ch\u1ebf h\u00f3a gi\u1ea3i khi ph\u1ea1m t\u01b0\u1edbng<\/span><\/a><div class=\"accordion-inner\">\n<ul>\n<li>Kh\u1eafc ch\u1ebf: D\u00f9ng m\u1ec7nh, d\u00f9ng h\u01b0\u1edbng, d\u00f9ng ng\u00e0y gi\u1edd, d\u00f9ng v\u1ecb tr\u00ed ng\u1ed3i, d\u00f9ng ng\u0169 h\u00e0nh t\u01b0\u01a1ng kh\u1eafc.<\/li>\n<li>H\u00f3a gi\u1ea3i khi ph\u1ea1m \u0111i\u1ec1u k\u1ef5 c\u1ee7a t\u01b0\u1edbng ph\u00e1p: D\u00f9ng t\u00e2m sinh t\u01b0\u1edbng, d\u00f9n th\u1eadm m\u1ef9 vi\u1ec7n \u0111\u1ec3 s\u1eeda t\u01b0\u1edbng.<\/li>\n<\/ul>\n<\/div><\/div>\n<div class=\"accordion-item\"><a href=\"#\" class=\"accordion-title plain\"><button class=\"toggle\"><i class=\"icon-angle-down\"><\/i><\/button><span>B\u00e0i 8: Th\u00e2n kh\u1ecfe t\u00e2m an<\/span><\/a><div class=\"accordion-inner\">\n<ul>\n<li>Gi\u1edbi thi\u1ec7u v\u1ec1 huy\u1ec7t \u0111\u1ea1o, kinh m\u1ea1ch,<\/li>\n<li>\u0110\u1ea3 th\u00f4ng kinh m\u1ea1ch b\u1eb1ng ch\u00e2m ng\u1ea3i, chu\u00f4ng xoay.<\/li>\n<li>C\u00e1c ph\u01b0\u01a1ng ph\u00e1p gi\u00fap cho th\u00e2n kh\u1ecfe v\u00e0 t\u00e2m an<\/li>\n<\/ul>\n<\/div><\/div>\n<div class=\"accordion-item\"><a href=\"#\" class=\"accordion-title plain\"><button class=\"toggle\"><i class=\"icon-angle-down\"><\/i><\/button><span>B\u00e0i 9 - 10: Th\u1ef1c h\u00e0nh<\/span><\/a><div class=\"accordion-inner\">\n<ul>\n<li>C\u00e1c ph\u01b0\u01a1ng ph\u00e1p Thi\u1ec1n, Ng\u00e2m ch\u00e2n, Ch\u00e2m ng\u1ea3i ( Trong M\u1eadt th\u1ea5t t\u1ea1i D\u01b0\u1ee3c s\u01b0 B\u1ea3o Vi\u00ean)<\/li>\n<li>H\u00e0nh thi\u1ec1n &#8211; T\u1eadp th\u00e1i c\u1ef1c quy\u1ec1n<\/li>\n<li>T\u1ee5ng ch\u00fa\/ Ph\u00e1p \u0111\u00e0m\/ t\u1ecda \u0111\u00e0m c\u00e1c ch\u1ee7 \u0111\u1ec1 nh\u00e2n t\u01b0\u1edbng, phong th\u1ee7y&#8230;<\/li>\n<li>\u0102n trong ch\u00ednh ni\u1ec7m<\/li>\n<\/ul>\n<\/div><\/div>\n<\/div>\n","protected":false},"excerpt":{"rendered":"","protected":false},"author":2,"featured_media":0,"parent":650,"menu_order":0,"comment_status":"closed","ping_status":"closed","template":"page-khoa-hoc.php","meta":[],"_links":{"self":[{"href":"https:\/\/phongthuy.mauwebwp.com\/phongthuy005\/wp-json\/wp\/v2\/pages\/795"}],"collection":[{"href":"https:\/\/phongthuy.mauwebwp.com\/phongthuy005\/wp-json\/wp\/v2\/pages"}],"about":[{"href":"https:\/\/phongthuy.mauwebwp.com\/phongthuy005\/wp-json\/wp\/v2\/types\/page"}],"author":[{"embeddable":true,"href":"https:\/\/phongthuy.mauwebwp.com\/phongthuy005\/wp-json\/wp\/v2\/users\/2"}],"replies":[{"embeddable":true,"href":"https:\/\/phongthuy.mauwebwp.com\/phongthuy005\/wp-json\/wp\/v2\/comments?post=795"}],"version-history":[{"count":0,"href":"https:\/\/phongthuy.mauwebwp.com\/phongthuy005\/wp-json\/wp\/v2\/pages\/795\/revisions"}],"up":[{"embeddable":true,"href":"https:\/\/phongthuy.mauwebwp.com\/phongthuy005\/wp-json\/wp\/v2\/pages\/650"}],"wp:attachment":[{"href":"https:\/\/phongthuy.mauwebwp.com\/phongthuy005\/wp-json\/wp\/v2\/media?parent=795"}],"curies":[{"name":"wp","href":"https:\/\/api.w.org\/{rel}","templated":true}]}}