{"id":94,"date":"2019-06-16T12:23:20","date_gmt":"2019-06-16T05:23:20","guid":{"rendered":"https:\/\/phongthuy.mauwebwp.com\/phongthuy005\/?page_id=94"},"modified":"2019-06-17T00:51:14","modified_gmt":"2019-06-16T17:51:14","slug":"lich-khai-giang","status":"publish","type":"page","link":"https:\/\/phongthuy.mauwebwp.com\/phongthuy005\/lich-khai-giang\/","title":{"rendered":"L\u1ecbch khai gi\u1ea3ng"},"content":{"rendered":"\t<section class=\"section khai-giang-section\" id=\"section_1320488636\">\n\t\t<div class=\"bg section-bg fill bg-fill  bg-loaded\" >\n\n\t\t\t\n\t\t\t\n\t\t\t\n\n\t\t<\/div>\n\n\t\t<div class=\"section-content relative\">\n\t\t\t\n<div class=\"row\"  id=\"row-432205873\">\n\n\t<div id=\"col-749291704\" class=\"col small-12 large-12\"  >\n\t\t\t\t<div class=\"col-inner\"  >\n\t\t\t\n\t\t\t\n\t<div class=\"img has-hover x md-x lg-x y md-y lg-y\" id=\"image_1250871500\">\n\t\t\t\t\t\t\t\t<div class=\"img-inner dark\" >\n\t\t\t<img width=\"1920\" height=\"450\" src=\"https:\/\/phongthuy.mauwebwp.com\/phongthuy005\/wp-content\/uploads\/2019\/06\/slider-02.jpg\" class=\"attachment-original size-original\" alt=\"\" loading=\"lazy\" srcset=\"https:\/\/phongthuy.mauwebwp.com\/phongthuy005\/wp-content\/uploads\/2019\/06\/slider-02.jpg 1920w, https:\/\/phongthuy.mauwebwp.com\/phongthuy005\/wp-content\/uploads\/2019\/06\/slider-02-300x70.jpg 300w, https:\/\/phongthuy.mauwebwp.com\/phongthuy005\/wp-content\/uploads\/2019\/06\/slider-02-768x180.jpg 768w, https:\/\/phongthuy.mauwebwp.com\/phongthuy005\/wp-content\/uploads\/2019\/06\/slider-02-1024x240.jpg 1024w\" sizes=\"(max-width: 1920px) 100vw, 1920px\" \/>\t\t\t\t\t\t\n\t\t\t\t\t<\/div>\n\t\t\t\t\t\t\t\t\n<style>\n#image_1250871500 {\n  width: 100%;\n}\n<\/style>\n\t<\/div>\n\t\n<div class=\"container section-title-container\" ><h2 class=\"section-title section-title-center\"><b><\/b><span class=\"section-title-main\" >L\u1ecbch khai gi\u1ea3ng<\/span><b><\/b><\/h2><\/div>\n<p style=\"text-align: center;\">Tr\u00e2n tr\u1ecdng th\u00f4ng b\u00e1o t\u1edbi qu\u00fd h\u1ecdc vi\u00ean v\u00e0 \u0111\u1ed1i t\u00e1c l\u1ecbch khai gi\u1ea3ng c\u00e1c kh\u00f3a h\u1ecdc v\u00e0 l\u1ecbch h\u1eb9n t\u01b0 v\u1ea5n nh\u01b0 sau:<\/p>\n\t<div id=\"gap-936632778\" class=\"gap-element clearfix\" style=\"display:block; height:auto;\">\n\t\t\n<style>\n#gap-936632778 {\n  padding-top: 16px;\n}\n<\/style>\n\t<\/div>\n\t\n\t\t<\/div>\n\t\t\t\t\t<\/div>\n\n\t\n\n\t<div id=\"col-1166575589\" class=\"col cot1 medium-6 small-12 large-6\"  >\n\t\t\t\t<div class=\"col-inner\"  >\n\t\t\t\n\t\t\t\n<div class=\"tieu-de-khoa-hoc\">\n<h3>L\u1ecbch khai gi\u1ea3ng c\u00e1c kh\u00f3a h\u1ecdc<\/h3>\n<\/div>\n<div class=\"box-info\">\n<div class=\"row-info tieu-de\">\n<div class=\"left\">T\u00ean kh\u00f3a h\u1ecdc<\/div>\n<div class=\"right\">L\u1ecbch khai gi\u1ea3ng<\/div>\n<\/div>\n<div class=\"row-info noi-dung\">\n<div class=\"left\">Kh\u00f3a h\u1ecdc phong th\u1ee7y xem \u0111\u1ecba b\u00e0n doanh nghi\u1ec7p<\/div>\n<div class=\"right\">11\/05\/2019<\/div>\n<\/div>\n<div class=\"row-info noi-dung\">\n<div class=\"left\">Kh\u00f3a h\u1ecdc nh\u00e2n t\u01b0\u1edbng xem t\u00ednh c\u00e1ch con ng\u01b0\u1eddi<\/div>\n<div class=\"right\">11\/06\/2019<\/div>\n<\/div>\n<div class=\"row-info noi-dung\">\n<div class=\"left\">Kh\u00f3a h\u1ecdc thi\u00ean th\u1eddi xem ng\u00e0y gi\u1edd<\/div>\n<div class=\"right\">11\/06\/2019<\/div>\n<\/div>\n<div class=\"row-info noi-dung\">\n<div class=\"left\">Kh\u00f3a h\u1ecdc t\u1eed vi xem s\u1ed1 m\u1ec7nh, t\u00e0i l\u1ed9c<\/div>\n<div class=\"right\">11\/06\/2019<\/div>\n<\/div>\n<\/div>\n\t\t<\/div>\n\t\t\t\t\t<\/div>\n\n\t\n\n\t<div id=\"col-843626810\" class=\"col cot1 medium-6 small-12 large-6\"  >\n\t\t\t\t<div class=\"col-inner\"  >\n\t\t\t\n\t\t\t\n<div class=\"tieu-de-tu-van\">\n<h3>L\u1ecbch t\u01b0 v\u1ea5n c\u00e1c d\u1ecbch v\u1ee5<\/h3>\n<\/div>\n<div class=\"box-info\">\n<div class=\"row-info tieu-de\">\n<div class=\"left\">T\u00ean d\u1ecbch v\u1ee5<\/div>\n<div class=\"right\">L\u1ecbch t\u01b0 v\u1ea5n<\/div>\n<\/div>\n<div class=\"row-info noi-dung\">\n<div class=\"left\">\u0110\u1ecba \u0111i\u1ec3m kinh doanh<\/div>\n<div class=\"right\">11\/05\/2019<\/div>\n<\/div>\n<div class=\"row-info noi-dung\">\n<div class=\"left\">H\u00f3a gi\u1ea3i, c\u1ea3i t\u1ea1o, t\u01b0\u1edbng s\u1ed1, phogn th\u1ee7y<\/div>\n<div class=\"right\">11\/06\/2019<\/div>\n<\/div>\n<div class=\"row-info noi-dung\">\n<div class=\"left\">Nh\u1eadp gia, \u0111\u1ed9ng th\u1ed5, nh\u1eadp tr\u1ea1ch,\u2026<\/div>\n<div class=\"right\">11\/06\/2019<\/div>\n<\/div>\n<div class=\"row-info noi-dung\">\n<div class=\"left\">Xem gia ph\u1ea7n, m\u1ed3 m\u1ea3 t\u1ed5 ti\u00ean<\/div>\n<div class=\"right\">11\/06\/2019<\/div>\n<\/div>\n<\/div>\n\t\t<\/div>\n\t\t\t\t\t<\/div>\n\n\t\n<\/div>\n\t\t<\/div>\n\n\t\t\n<style>\n#section_1320488636 {\n  padding-top: 50px;\n  padding-bottom: 50px;\n}\n<\/style>\n\t<\/section>\n\t\n","protected":false},"excerpt":{"rendered":"","protected":false},"author":2,"featured_media":0,"parent":0,"menu_order":0,"comment_status":"closed","ping_status":"closed","template":"page-blank.php","meta":[],"_links":{"self":[{"href":"https:\/\/phongthuy.mauwebwp.com\/phongthuy005\/wp-json\/wp\/v2\/pages\/94"}],"collection":[{"href":"https:\/\/phongthuy.mauwebwp.com\/phongthuy005\/wp-json\/wp\/v2\/pages"}],"about":[{"href":"https:\/\/phongthuy.mauwebwp.com\/phongthuy005\/wp-json\/wp\/v2\/types\/page"}],"author":[{"embeddable":true,"href":"https:\/\/phongthuy.mauwebwp.com\/phongthuy005\/wp-json\/wp\/v2\/users\/2"}],"replies":[{"embeddable":true,"href":"https:\/\/phongthuy.mauwebwp.com\/phongthuy005\/wp-json\/wp\/v2\/comments?post=94"}],"version-history":[{"count":0,"href":"https:\/\/phongthuy.mauwebwp.com\/phongthuy005\/wp-json\/wp\/v2\/pages\/94\/revisions"}],"wp:attachment":[{"href":"https:\/\/phongthuy.mauwebwp.com\/phongthuy005\/wp-json\/wp\/v2\/media?parent=94"}],"curies":[{"name":"wp","href":"https:\/\/api.w.org\/{rel}","templated":true}]}}