{"id":96,"date":"2019-06-16T12:23:30","date_gmt":"2019-06-16T05:23:30","guid":{"rendered":"https:\/\/phongthuy.mauwebwp.com\/phongthuy005\/?page_id=96"},"modified":"2019-06-17T00:48:00","modified_gmt":"2019-06-16T17:48:00","slug":"giang-vien-dao-tao","status":"publish","type":"page","link":"https:\/\/phongthuy.mauwebwp.com\/phongthuy005\/giang-vien-dao-tao\/","title":{"rendered":"Gi\u1ea3ng vi\u00ean \u0111\u00e0o t\u1ea1o"},"content":{"rendered":"<p><img loading=\"lazy\" class=\"size-full wp-image-712 alignleft\" src=\"https:\/\/phongthuy.mauwebwp.com\/phongthuy005\/wp-content\/uploads\/2019\/06\/avatar.jpg\" alt=\"\" width=\"200\" height=\"200\" srcset=\"https:\/\/phongthuy.mauwebwp.com\/phongthuy005\/wp-content\/uploads\/2019\/06\/avatar.jpg 200w, https:\/\/phongthuy.mauwebwp.com\/phongthuy005\/wp-content\/uploads\/2019\/06\/avatar-150x150.jpg 150w\" sizes=\"(max-width: 200px) 100vw, 200px\" \/><\/p>\n<p><span style=\"font-size: 130%;\">Ph\u00f3 Gi\u00e1o S\u01b0 \u2013 Ti\u1ebfn S\u0129 Tri\u1ec7u Th\u1ebf Vi\u1ec7t<br \/>\n<\/span><strong>Vi\u1ec7n tr\u01b0\u1edfng\u00a0Vi\u1ec7n nghi\u00ean c\u1ee9u V\u0103n h\u00f3a Vi\u1ec7t Nam<\/strong><\/p>\n<ul>\n<li><span style=\"font-size: 95%;\">Sinh n\u0103m 1973<\/span><\/li>\n<li><span style=\"font-size: 95%;\">T\u1ed1t nghi\u1ec7p <strong>\u0110\u1ea1i H\u1ecdc M\u1ef9 Thu\u1eadt C\u00f4ng nghi\u1ec7p H\u00e0 N\u1ed9i.<\/strong><\/span><\/li>\n<li><span style=\"font-size: 95%;\">Gi\u1ea3ng Vi\u00ean t\u1ea1i\u00a0<strong>Tr\u01b0\u1eddng \u0110\u1ea1i h\u1ecdc Khoa h\u1ecdc X\u00e3 h\u1ed9i v\u00e0 Nh\u00e2n v\u0103n<\/strong><\/span><\/li>\n<li><span style=\"font-size: 95%; line-height: 1.5;\">Vi\u1ec7n tr\u01b0\u1edfng <strong>Vi\u1ec7n Nghi\u00ean c\u1ee9u V\u0103n H\u00f3a Vi\u1ec7t Nam<\/strong><\/span><\/li>\n<\/ul>\n<p>PGS. TS Tri\u1ec7u Th\u1ebf Vi\u1ec7t t\u1ed1t nghi\u1ec7p \u0110\u1ea1i h\u1ecdc M\u1ef9 thu\u1eadt C\u00f4ng nghi\u1ec7p n\u0103m 1998, \u0111\u00e3 c\u00f3 nhi\u1ec1u n\u0103m l\u00e0m vi\u1ec7c v\u00e0 tham gia gi\u1ea3ng d\u1ea1y t\u1ea1i nhi\u1ec1u C\u00f4ng ty v\u00e0 \u0111\u01a1n v\u1ecb trong l\u0129nh v\u1ef1c Thi\u1ebft k\u1ebf v\u00e0 \u0110\u00e0o t\u1ea1o.<\/p>\n<p>PGS. TS Tri\u1ec7u Th\u1ebf Vi\u1ec7t l\u00e0 gi\u1ea3ng vi\u00ean \u0110\u1ea1i h\u1ecdc Khoa h\u1ecdc X\u00e3 h\u1ed9i v\u00e0 Nh\u00e2n v\u0103n \u2013 \u0110HQG\u00a0H\u00e0\u00a0N\u1ed9i.<\/p>\n<p>Hi\u1ec7n \u0111ang l\u00e0 : Vi\u1ec7n tr\u01b0\u1edfng Vi\u1ec7n nghi\u00ean c\u1ee9u v\u0103n H\u00f3a ngh\u1ec7 thu\u1eadt Vi\u1ec7t Nam<\/p>\n<div class=\"single_content\">\n<h3>Qu\u00e1 tr\u00ecnh l\u00e0m vi\u1ec7c v\u00e0\u00a0gi\u1ea3ng\u00a0d\u1ea1y:<\/h3>\n<ul>\n<li>H\u1ecda s\u1ef9 tr\u00ecnh b\u00e0y T\u1ea1p ch\u00ed Th\u00f4ng tin S\u1edf Y t\u1ebf H\u00e0 N\u1ed9i<\/li>\n<li>H\u1ecda s\u1ef9 thi\u1ebft k\u1ebf c\u1ee7a h\u00e3ng Onix \u2013 T\u00e2y Ban Nha<\/li>\n<li>Gi\u00e1m \u0111\u1ed1c C\u00f4ng ty TNHH M\u1ef9 thu\u1eadt \u1ee9ng d\u1ee5ng \u00c1i M\u1ef9<\/li>\n<li>Gi\u1ea3ng s\u01b0 Tr\u01b0\u1eddng Trung c\u1ea5p Ph\u1eadt h\u1ecdc \u2013 Th\u00e0nh h\u1ed9i Ph\u1eadt gi\u00e1o H\u00e0 N\u1ed9i \u2013 Gi\u00e1o h\u1ed9i Ph\u1eadt gi\u00e1o Vi\u1ec7t Nam.<\/li>\n<li>Gi\u1ea3ng vi\u00ean Thi\u1ebft k\u1ebf \u0110\u1ed3 h\u1ecda t\u1ea1i VnSkills Multimedia Academy \u2013 Vi\u1ec7n CNTT \u2013 \u0110HQG H\u00e0 N\u1ed9i<\/li>\n<li>Gi\u1ea3ng vi\u00ean Thi\u1ebft k\u1ebf \u0110\u1ed3 h\u1ecda t\u1ea1i H\u00e0 N\u1ed9i Arena<\/li>\n<li>Gi\u1ea3ng vi\u00ean Khoa Du l\u1ecbch, \u0110H Khoa h\u1ecdc X\u00e3 h\u1ed9i v\u00e0 Nh\u00e2n v\u0103n, \u0110HQGHN<\/li>\n<li>Gi\u1ea3ng vi\u00ean Phong th\u1ee7y trong thi\u1ebft k\u1ebf N\u1ed9i th\u1ea5t t\u1ea1i Enter Focus Academy \u2013 Vi\u1ec7n CNTT \u2013 \u0110HQG HN<\/li>\n<\/ul>\n<h3>H\u1ecdc h\u00e0m,\u00a0h\u1ecdc\u00a0v\u1ecb:<\/h3>\n<ul>\n<li>C\u1eed nh\u00e2n Ngh\u1ec7 thu\u1eadt \u2013 \u0110\u1ea1i h\u1ecdc M\u1ef9 thu\u1eadt C\u00f4ng Nghi\u1ec7p (11\/ 1998)<\/li>\n<li>Th\u1ea1c s\u0129: L\u00fd lu\u1eadn v\u00e0 l\u1ecbch s\u1eed M\u1ef9 thu\u00e2t C\u00f4ng nghi\u1ec7p (2006 -\u0110H MTCN)<\/li>\n<li>Ti\u1ebfn s\u0129: L\u00fd lu\u1eadn v\u00e0 l\u1ecbch s\u1eed M\u1ef9 thu\u00e2t Vi\u1ec7t Nam (2011- Vi\u1ec7n VHNTQG Vi\u1ec7t Nam)<\/li>\n<li>Ph\u00f3 Gi\u00e1o s\u01b0 (2014)<\/li>\n<li>Gi\u1ea3ng vi\u00ean ch\u00ednh Khoa Du l\u1ecbch, \u0110H Khoa h\u1ecdc X\u00e3 h\u1ed9i v\u00e0 Nh\u00e2n v\u0103n, \u0110HQGHN<\/li>\n<\/ul>\n<h3>Kinh\u00a0nghi\u1ec7m:<\/h3>\n<ul>\n<li>Nhi\u1ec1u n\u0103m l\u00e0m vi\u1ec7c, gi\u1ea3ng d\u1ea1y v\u1ec1 Thi\u1ebft k\u1ebf \u2013 M\u1ef9 thu\u1eadt, L\u00fd lu\u1eadn Nghi\u00ean c\u1ee9u V\u0103n h\u00f3a \u2013 T\u00f4n gi\u00e1o.<\/li>\n<li>K\u1ef9 n\u0103ng thuy\u1ebft tr\u00ecnh xu\u00e2t s\u1eafc, l\u00f4i cu\u1ed1n h\u1ecdc vi\u00ean.<\/li>\n<\/ul>\n<h3>C\u00e1c t\u00e1c ph\u1ea9m v\u00e0 gi\u1ea3i th\u01b0\u1edfng:<\/h3>\n<ul>\n<li>Tranh c\u1ed5 \u0111\u1ed9ng b\u1ea3o v\u1ec7 m\u00f4i tr\u01b0\u1eddng Th\u1ee7 \u0111\u00f4 \u2013 Gi\u1ea3i khuy\u1ebfn kh\u00edch H\u1ed9i M\u1ef9 thu\u1eadt Vi\u1ec7t Nam (1996)<\/li>\n<li>T\u00e1c ph\u1ea9m trong tuy\u1ec3n t\u1eadp tranh C\u1ed5 \u0111\u1ed9ng Vi\u1ec7t nam t\u1eeb 1945 \u0111\u1ebfn 2000 (SVHTT H\u00e0 N\u1ed9i \u1ea5n h\u00e0nh).<\/li>\n<li>T\u00e1c ph\u1ea9m trong tuy\u1ec3n t\u1eadp Tr\u01b0\u1eddng \u0110\u1ea1i h\u1ecdc M\u1ef9 thu\u1eadt C\u00f4ng nghi\u1ec7p<\/li>\n<li>T\u00e1c ph\u1ea9m Ngu\u1ed3n c\u1ed9i \u2013 gi\u1ea3i V\u00e0ng \u2013 H\u1ed9i thi Thi\u1ebft k\u1ebf v\u00e0 Ch\u1ebf t\u00e1c Trang s\u1ee9c VN 2007 (\u0111\u1ed3ng t\u00e1c gi\u1ea3)<\/li>\n<li>Thi\u1ebft k\u1ebf M\u1ef9 thu\u1eadt B\u1ed9 s\u00e1ch 1000 n\u0103m Th\u0103ng Long \u2013 H\u00e0 N\u1ed9i<\/li>\n<li>Thi\u1ebft k\u1ebf M\u1ef9 thu\u1eadt B\u1ed9 s\u00e1ch Ho\u00e0ng th\u00e0nh Th\u0103ng Long<\/li>\n<li>Thi\u1ebft k\u1ebf M\u1ef9 thu\u1eadt s\u00e1ch Du l\u1ecbch L\u00e0o Cai, 100 SaPa, Du l\u1ecbch Y\u00ean B\u00e1i.<\/li>\n<\/ul>\n<\/div>\n<p><strong>Li\u00ean h\u1ec7:<\/strong><\/p>\n<p>T\u1ea7ng 3 \u2013 The Vuon \u2013 D2 Gi\u1ea3ng V\u00f5 \u2013 C\u00e1t Linh \u2013 H\u00e0 N\u1ed9i<\/p>\n<p>Vi\u1ec7n nghi\u00ean c\u1ee9u V\u0103n ho\u00e1 Ngh\u1ec7 thu\u1eadt Vi\u1ec7t Nam<\/p>\n<p>\u0110\u1ecba ch\u1ec9 D\u01b0\u1ee3c S\u01b0 B\u1ea3o Vi\u00ean :\u00a0 \u0110\u1eadp h\u1ed3 \u0110\u1ed3ng \u0110\u00f2, Minh Tr\u00ed, S\u00f3c S\u01a1n, H\u00e0 N\u1ed9i<\/p>\n","protected":false},"excerpt":{"rendered":"<p>Ph\u00f3 Gi\u00e1o S\u01b0 \u2013 Ti\u1ebfn S\u0129 Tri\u1ec7u Th\u1ebf Vi\u1ec7t Vi\u1ec7n tr\u01b0\u1edfng\u00a0Vi\u1ec7n nghi\u00ean c\u1ee9u V\u0103n h\u00f3a Vi\u1ec7t Nam Sinh n\u0103m 1973 T\u1ed1t nghi\u1ec7p \u0110\u1ea1i H\u1ecdc M\u1ef9 Thu\u1eadt C\u00f4ng nghi\u1ec7p H\u00e0 N\u1ed9i. Gi\u1ea3ng Vi\u00ean t\u1ea1i\u00a0Tr\u01b0\u1eddng \u0110\u1ea1i h\u1ecdc Khoa h\u1ecdc X\u00e3 h\u1ed9i v\u00e0 Nh\u00e2n v\u0103n Vi\u1ec7n tr\u01b0\u1edfng Vi\u1ec7n Nghi\u00ean c\u1ee9u V\u0103n H\u00f3a Vi\u1ec7t Nam PGS. TS Tri\u1ec7u Th\u1ebf &#8230;<\/p>\n","protected":false},"author":2,"featured_media":0,"parent":0,"menu_order":0,"comment_status":"closed","ping_status":"closed","template":"page-right-sidebar.php","meta":[],"_links":{"self":[{"href":"https:\/\/phongthuy.mauwebwp.com\/phongthuy005\/wp-json\/wp\/v2\/pages\/96"}],"collection":[{"href":"https:\/\/phongthuy.mauwebwp.com\/phongthuy005\/wp-json\/wp\/v2\/pages"}],"about":[{"href":"https:\/\/phongthuy.mauwebwp.com\/phongthuy005\/wp-json\/wp\/v2\/types\/page"}],"author":[{"embeddable":true,"href":"https:\/\/phongthuy.mauwebwp.com\/phongthuy005\/wp-json\/wp\/v2\/users\/2"}],"replies":[{"embeddable":true,"href":"https:\/\/phongthuy.mauwebwp.com\/phongthuy005\/wp-json\/wp\/v2\/comments?post=96"}],"version-history":[{"count":0,"href":"https:\/\/phongthuy.mauwebwp.com\/phongthuy005\/wp-json\/wp\/v2\/pages\/96\/revisions"}],"wp:attachment":[{"href":"https:\/\/phongthuy.mauwebwp.com\/phongthuy005\/wp-json\/wp\/v2\/media?parent=96"}],"curies":[{"name":"wp","href":"https:\/\/api.w.org\/{rel}","templated":true}]}}