{"id":98,"date":"2019-06-16T12:23:41","date_gmt":"2019-06-16T05:23:41","guid":{"rendered":"https:\/\/phongthuy.mauwebwp.com\/phongthuy005\/?page_id=98"},"modified":"2019-06-17T00:44:30","modified_gmt":"2019-06-16T17:44:30","slug":"lien-he","status":"publish","type":"page","link":"https:\/\/phongthuy.mauwebwp.com\/phongthuy005\/lien-he\/","title":{"rendered":"Li\u00ean h\u1ec7"},"content":{"rendered":"<ul>\n<li>Ph\u01b0\u01a1ng ph\u00e1p nghi\u00ean c\u1ee9u chuy\u00ean s\u00e2u c\u1ee7a Vi\u1ec7n tr\u01b0\u1edfng Vi\u1ec7n nghi\u00ean c\u1ee9u.<\/li>\n<li>L\u00fd thuy\u1ebft \u0111\u01b0\u1ee3c d\u1ef1a tr\u00ean khoa h\u1ecdc k\u1ebft h\u1ee3p th\u1ef1c t\u1ebf v\u00e0 ki\u1ec3m ch\u1ee9ng.<\/li>\n<li>Ch\u00ednh s\u00e1ch h\u1ed7 tr\u1ee3 h\u1ecdc vi\u00ean gi\u00fap gi\u1ea3i \u0111\u00e1p th\u00f4ng tin nhanh nh\u1ea5t<\/li>\n<li>\u0110\u01b0\u1ee3c h\u1ed7 tr\u1ee3 v\u00e0 tham gia c\u00e1c kh\u00f3a h\u1ecdc chuy\u00ean s\u00e2u c\u1ee7a Vi\u1ec7n nghi\u00ean c\u1ee9u V\u0103n h\u00f3a ngh\u1ec7 thu\u1eadt Vi\u1ec7t Nam<\/li>\n<\/ul>\n<p><strong>M\u1ecdi th\u00f4ng tin vui l\u00f2ng li\u00ean h\u1ec7<\/strong><\/p>\n<ul>\n<li>\u0110\u1ecba ch\u1ec9: T\u1ea7ng 3 The Vuon, D3 Gi\u1ea3ng V\u00f5, \u0110\u1ed1ng \u0110a, H\u00e0 N\u1ed9i<\/li>\n<li>\u0110i\u1ec7n tho\u1ea1i: 0981.939.628<\/li>\n<li>Email: trungtamtrieutheviet@gmail.com<\/li>\n<\/ul>\n","protected":false},"excerpt":{"rendered":"<p>Ph\u01b0\u01a1ng ph\u00e1p nghi\u00ean c\u1ee9u chuy\u00ean s\u00e2u c\u1ee7a Vi\u1ec7n tr\u01b0\u1edfng Vi\u1ec7n nghi\u00ean c\u1ee9u. L\u00fd thuy\u1ebft \u0111\u01b0\u1ee3c d\u1ef1a tr\u00ean khoa h\u1ecdc k\u1ebft h\u1ee3p th\u1ef1c t\u1ebf v\u00e0 ki\u1ec3m ch\u1ee9ng. Ch\u00ednh s\u00e1ch h\u1ed7 tr\u1ee3 h\u1ecdc vi\u00ean gi\u00fap gi\u1ea3i \u0111\u00e1p th\u00f4ng tin nhanh nh\u1ea5t \u0110\u01b0\u1ee3c h\u1ed7 tr\u1ee3 v\u00e0 tham gia c\u00e1c kh\u00f3a h\u1ecdc chuy\u00ean s\u00e2u c\u1ee7a Vi\u1ec7n nghi\u00ean c\u1ee9u V\u0103n &#8230;<\/p>\n","protected":false},"author":2,"featured_media":0,"parent":0,"menu_order":0,"comment_status":"closed","ping_status":"closed","template":"page-right-sidebar.php","meta":[],"_links":{"self":[{"href":"https:\/\/phongthuy.mauwebwp.com\/phongthuy005\/wp-json\/wp\/v2\/pages\/98"}],"collection":[{"href":"https:\/\/phongthuy.mauwebwp.com\/phongthuy005\/wp-json\/wp\/v2\/pages"}],"about":[{"href":"https:\/\/phongthuy.mauwebwp.com\/phongthuy005\/wp-json\/wp\/v2\/types\/page"}],"author":[{"embeddable":true,"href":"https:\/\/phongthuy.mauwebwp.com\/phongthuy005\/wp-json\/wp\/v2\/users\/2"}],"replies":[{"embeddable":true,"href":"https:\/\/phongthuy.mauwebwp.com\/phongthuy005\/wp-json\/wp\/v2\/comments?post=98"}],"version-history":[{"count":0,"href":"https:\/\/phongthuy.mauwebwp.com\/phongthuy005\/wp-json\/wp\/v2\/pages\/98\/revisions"}],"wp:attachment":[{"href":"https:\/\/phongthuy.mauwebwp.com\/phongthuy005\/wp-json\/wp\/v2\/media?parent=98"}],"curies":[{"name":"wp","href":"https:\/\/api.w.org\/{rel}","templated":true}]}}